{"id":268,"date":"2023-03-14T16:39:52","date_gmt":"2023-03-14T15:39:52","guid":{"rendered":"https:\/\/leconakry.com\/?page_id=268"},"modified":"2023-03-14T16:39:52","modified_gmt":"2023-03-14T15:39:52","slug":"proposer-une-publicite-sur-leconakry-com","status":"publish","type":"page","link":"https:\/\/leconakry.com\/index.php\/proposer-une-publicite-sur-leconakry-com\/","title":{"rendered":"Proposer une publicit\u00e9 sur Leconakry.com"},"content":{"rendered":"<p>Leconakry.com est un site d&rsquo;information guin\u00e9en qui couvre divers sujets tels que la politique, l&rsquo;\u00e9conomie, la soci\u00e9t\u00e9, la culture et le sport. Nous offrons aux annonceurs la possibilit\u00e9 de promouvoir leurs produits ou services \u00e0 un public int\u00e9ress\u00e9 et engag\u00e9.<\/p>\n<p>Nous proposons diff\u00e9rentes options publicitaires pour r\u00e9pondre \u00e0 vos besoins, notamment :<\/p>\n<ol>\n<li>Banni\u00e8res publicitaires : nous proposons des banni\u00e8res publicitaires de diff\u00e9rentes tailles, plac\u00e9es de mani\u00e8re strat\u00e9gique sur notre site web pour maximiser la visibilit\u00e9.<\/li>\n<li>Annonces sponsoris\u00e9es : nous offrons des options de contenu sponsoris\u00e9 pour mettre en avant votre produit ou service de mani\u00e8re organique aupr\u00e8s de notre public.<\/li>\n<li>E-mail marketing : nous offrons des options d&rsquo;e-mail marketing pour vous permettre de toucher directement notre base d&rsquo;abonn\u00e9s par e-mail.<\/li>\n<\/ol>\n<p>Nous travaillons avec vous pour cr\u00e9er une campagne publicitaire efficace en fonction de vos objectifs et de votre budget. Nous proposons \u00e9galement des rapports de suivi de campagne pour vous permettre de mesurer l&rsquo;efficacit\u00e9 de votre publicit\u00e9 sur notre site web.<\/p>\n<p>Pour plus d&rsquo;informations sur nos options publicitaires, veuillez nous contacter \u00e0 l&rsquo;adresse e-mail suivante : [pub@leconakry.com].<\/p>\n","protected":false},"excerpt":{"rendered":"<p>Leconakry.com est un site d&rsquo;information guin\u00e9en qui couvre divers sujets tels que la politique, l&rsquo;\u00e9conomie, la soci\u00e9t\u00e9, la culture et le sport. Nous offrons aux annonceurs la possibilit\u00e9 de promouvoir leurs produits ou services \u00e0 un public int\u00e9ress\u00e9 et engag\u00e9. Nous proposons diff\u00e9rentes options publicitaires pour r\u00e9pondre \u00e0 vos besoins, notamment : Banni\u00e8res publicitaires : [&hellip;]<\/p>\n","protected":false},"author":1,"featured_media":0,"parent":0,"menu_order":0,"comment_status":"closed","ping_status":"closed","template":"","meta":{"_themeisle_gutenberg_block_has_review":false,"footnotes":""},"class_list":["post-268","page","type-page","status-publish","hentry"],"_links":{"self":[{"href":"https:\/\/leconakry.com\/index.php\/wp-json\/wp\/v2\/pages\/268","targetHints":{"allow":["GET"]}}],"collection":[{"href":"https:\/\/leconakry.com\/index.php\/wp-json\/wp\/v2\/pages"}],"about":[{"href":"https:\/\/leconakry.com\/index.php\/wp-json\/wp\/v2\/types\/page"}],"author":[{"embeddable":true,"href":"https:\/\/leconakry.com\/index.php\/wp-json\/wp\/v2\/users\/1"}],"replies":[{"embeddable":true,"href":"https:\/\/leconakry.com\/index.php\/wp-json\/wp\/v2\/comments?post=268"}],"version-history":[{"count":1,"href":"https:\/\/leconakry.com\/index.php\/wp-json\/wp\/v2\/pages\/268\/revisions"}],"predecessor-version":[{"id":269,"href":"https:\/\/leconakry.com\/index.php\/wp-json\/wp\/v2\/pages\/268\/revisions\/269"}],"wp:attachment":[{"href":"https:\/\/leconakry.com\/index.php\/wp-json\/wp\/v2\/media?parent=268"}],"curies":[{"name":"wp","href":"https:\/\/api.w.org\/{rel}","templated":true}]}}