{"id":266,"date":"2023-03-14T16:37:54","date_gmt":"2023-03-14T15:37:54","guid":{"rendered":"https:\/\/leconakry.com\/?page_id=266"},"modified":"2023-03-14T16:37:54","modified_gmt":"2023-03-14T15:37:54","slug":"dmca","status":"publish","type":"page","link":"https:\/\/leconakry.com\/index.php\/dmca\/","title":{"rendered":"DMCA"},"content":{"rendered":"<p>Leconakry.com respecte les droits d&rsquo;auteur et se conforme \u00e0 la loi am\u00e9ricaine sur le droit d&rsquo;auteur du mill\u00e9naire num\u00e9rique (Digital Millennium Copyright Act, DMCA). Si vous croyez que votre contenu a \u00e9t\u00e9 copi\u00e9 d&rsquo;une mani\u00e8re qui constitue une violation du droit d&rsquo;auteur, veuillez suivre la proc\u00e9dure de notification de violation du droit d&rsquo;auteur \u00e9nonc\u00e9e ci-dessous.<\/p>\n<p>Proc\u00e9dure de notification de violation du droit d&rsquo;auteur :<\/p>\n<p>Si vous croyez que votre travail a \u00e9t\u00e9 copi\u00e9 d&rsquo;une mani\u00e8re qui constitue une violation du droit d&rsquo;auteur, veuillez fournir les informations suivantes \u00e0 notre agent d\u00e9sign\u00e9 pour les r\u00e9clamations de violation de droit d&rsquo;auteur :<\/p>\n<ul>\n<li>Une signature \u00e9lectronique ou physique de la personne autoris\u00e9e \u00e0 agir au nom du propri\u00e9taire du droit d&rsquo;auteur.<\/li>\n<li>Une description du travail prot\u00e9g\u00e9 par le droit d&rsquo;auteur que vous croyez avoir \u00e9t\u00e9 viol\u00e9.<\/li>\n<li>Une description de l&rsquo;endroit o\u00f9 le mat\u00e9riel que vous pr\u00e9tendez \u00eatre en violation se trouve sur notre site web.<\/li>\n<li>Votre adresse, num\u00e9ro de t\u00e9l\u00e9phone et adresse e-mail.<\/li>\n<li>Une d\u00e9claration selon laquelle vous croyez de bonne foi que l&rsquo;utilisation contest\u00e9e n&rsquo;est pas autoris\u00e9e par le propri\u00e9taire du droit d&rsquo;auteur, son agent ou la loi.<\/li>\n<li>Une d\u00e9claration, sous peine de parjure, que les informations ci-dessus dans votre notification sont exactes et que vous \u00eates le propri\u00e9taire du droit d&rsquo;auteur ou que vous \u00eates autoris\u00e9 \u00e0 agir au nom du propri\u00e9taire du droit d&rsquo;auteur.<\/li>\n<\/ul>\n<p>Vous pouvez envoyer votre notification de violation du droit d&rsquo;auteur \u00e0 l&rsquo;agent d\u00e9sign\u00e9 pour les r\u00e9clamations de violation de droit d&rsquo;auteur de Leconakry.com \u00e0 l&rsquo;adresse e-mail suivante : [leconakry@gmail.com].<\/p>\n<p>Nous traiterons rapidement toutes les r\u00e9clamations de violation du droit d&rsquo;auteur conform\u00e9ment aux exigences l\u00e9gales.<\/p>\n","protected":false},"excerpt":{"rendered":"<p>Leconakry.com respecte les droits d&rsquo;auteur et se conforme \u00e0 la loi am\u00e9ricaine sur le droit d&rsquo;auteur du mill\u00e9naire num\u00e9rique (Digital Millennium Copyright Act, DMCA). Si vous croyez que votre contenu a \u00e9t\u00e9 copi\u00e9 d&rsquo;une mani\u00e8re qui constitue une violation du droit d&rsquo;auteur, veuillez suivre la proc\u00e9dure de notification de violation du droit d&rsquo;auteur \u00e9nonc\u00e9e ci-dessous. [&hellip;]<\/p>\n","protected":false},"author":1,"featured_media":0,"parent":0,"menu_order":0,"comment_status":"closed","ping_status":"closed","template":"","meta":{"_themeisle_gutenberg_block_has_review":false,"footnotes":""},"class_list":["post-266","page","type-page","status-publish","hentry"],"_links":{"self":[{"href":"https:\/\/leconakry.com\/index.php\/wp-json\/wp\/v2\/pages\/266","targetHints":{"allow":["GET"]}}],"collection":[{"href":"https:\/\/leconakry.com\/index.php\/wp-json\/wp\/v2\/pages"}],"about":[{"href":"https:\/\/leconakry.com\/index.php\/wp-json\/wp\/v2\/types\/page"}],"author":[{"embeddable":true,"href":"https:\/\/leconakry.com\/index.php\/wp-json\/wp\/v2\/users\/1"}],"replies":[{"embeddable":true,"href":"https:\/\/leconakry.com\/index.php\/wp-json\/wp\/v2\/comments?post=266"}],"version-history":[{"count":1,"href":"https:\/\/leconakry.com\/index.php\/wp-json\/wp\/v2\/pages\/266\/revisions"}],"predecessor-version":[{"id":267,"href":"https:\/\/leconakry.com\/index.php\/wp-json\/wp\/v2\/pages\/266\/revisions\/267"}],"wp:attachment":[{"href":"https:\/\/leconakry.com\/index.php\/wp-json\/wp\/v2\/media?parent=266"}],"curies":[{"name":"wp","href":"https:\/\/api.w.org\/{rel}","templated":true}]}}