{"id":264,"date":"2023-03-14T16:35:46","date_gmt":"2023-03-14T15:35:46","guid":{"rendered":"https:\/\/leconakry.com\/?page_id=264"},"modified":"2023-03-14T16:35:46","modified_gmt":"2023-03-14T15:35:46","slug":"politique-de-confidentialite-2","status":"publish","type":"page","link":"https:\/\/leconakry.com\/index.php\/politique-de-confidentialite-2\/","title":{"rendered":"Politique de confidentialit\u00e9"},"content":{"rendered":"<p>Chez Leconakry.com, nous respectons votre vie priv\u00e9e et nous sommes d\u00e9termin\u00e9s \u00e0 prot\u00e9ger vos donn\u00e9es personnelles. Cette politique de confidentialit\u00e9 explique comment nous collectons, utilisons et prot\u00e9geons les informations que vous nous fournissez.<\/p>\n<p>Collecte d&rsquo;informations : Nous collectons des informations lorsque vous vous inscrivez \u00e0 notre newsletter, lorsque vous nous contactez, ou lorsque vous naviguez sur notre site. Les informations que nous collectons peuvent inclure votre nom, votre adresse e-mail, votre adresse IP, et les pages que vous visitez sur notre site.<\/p>\n<p>Utilisation d&rsquo;informations : Nous utilisons les informations que nous collectons pour am\u00e9liorer notre site web et pour communiquer avec vous. Nous ne partageons pas vos informations avec des tiers, sauf si cela est n\u00e9cessaire pour fournir un service que vous avez demand\u00e9 (par exemple, pour vous envoyer notre newsletter).<\/p>\n<p>Cookies : Nous utilisons des cookies pour am\u00e9liorer l&rsquo;exp\u00e9rience de navigation sur notre site. Les cookies sont de petits fichiers texte qui sont stock\u00e9s sur votre ordinateur lorsque vous visitez notre site. Les cookies nous permettent de vous reconna\u00eetre lorsque vous revenez sur notre site et de personnaliser votre exp\u00e9rience de navigation. Vous pouvez d\u00e9sactiver les cookies dans les param\u00e8tres de votre navigateur.<\/p>\n<p>S\u00e9curit\u00e9 : Nous prenons des mesures pour prot\u00e9ger les informations que vous nous fournissez. Nous utilisons des protocoles de s\u00e9curit\u00e9 standard pour prot\u00e9ger les informations sensibles, telles que les adresses e-mail et les noms d&rsquo;utilisateur.<\/p>\n<p>Modifications de la politique de confidentialit\u00e9 : Nous pouvons modifier cette politique de confidentialit\u00e9 de temps \u00e0 autre en publiant une nouvelle version sur notre site web. Nous vous encourageons \u00e0 consulter cette page r\u00e9guli\u00e8rement pour rester inform\u00e9 de nos pratiques en mati\u00e8re de confidentialit\u00e9.<\/p>\n<p>Contact : Si vous avez des questions ou des pr\u00e9occupations concernant notre politique de confidentialit\u00e9, n&rsquo;h\u00e9sitez pas \u00e0 nous contacter \u00e0 l&rsquo;adresse e-mail suivante : [Leconakry@gmail.com].<\/p>\n","protected":false},"excerpt":{"rendered":"<p>Chez Leconakry.com, nous respectons votre vie priv\u00e9e et nous sommes d\u00e9termin\u00e9s \u00e0 prot\u00e9ger vos donn\u00e9es personnelles. Cette politique de confidentialit\u00e9 explique comment nous collectons, utilisons et prot\u00e9geons les informations que vous nous fournissez. Collecte d&rsquo;informations : Nous collectons des informations lorsque vous vous inscrivez \u00e0 notre newsletter, lorsque vous nous contactez, ou lorsque vous naviguez [&hellip;]<\/p>\n","protected":false},"author":1,"featured_media":0,"parent":0,"menu_order":0,"comment_status":"closed","ping_status":"closed","template":"","meta":{"_themeisle_gutenberg_block_has_review":false,"footnotes":""},"class_list":["post-264","page","type-page","status-publish","hentry"],"_links":{"self":[{"href":"https:\/\/leconakry.com\/index.php\/wp-json\/wp\/v2\/pages\/264","targetHints":{"allow":["GET"]}}],"collection":[{"href":"https:\/\/leconakry.com\/index.php\/wp-json\/wp\/v2\/pages"}],"about":[{"href":"https:\/\/leconakry.com\/index.php\/wp-json\/wp\/v2\/types\/page"}],"author":[{"embeddable":true,"href":"https:\/\/leconakry.com\/index.php\/wp-json\/wp\/v2\/users\/1"}],"replies":[{"embeddable":true,"href":"https:\/\/leconakry.com\/index.php\/wp-json\/wp\/v2\/comments?post=264"}],"version-history":[{"count":1,"href":"https:\/\/leconakry.com\/index.php\/wp-json\/wp\/v2\/pages\/264\/revisions"}],"predecessor-version":[{"id":265,"href":"https:\/\/leconakry.com\/index.php\/wp-json\/wp\/v2\/pages\/264\/revisions\/265"}],"wp:attachment":[{"href":"https:\/\/leconakry.com\/index.php\/wp-json\/wp\/v2\/media?parent=264"}],"curies":[{"name":"wp","href":"https:\/\/api.w.org\/{rel}","templated":true}]}}