{"id":262,"date":"2023-03-14T16:31:43","date_gmt":"2023-03-14T15:31:43","guid":{"rendered":"https:\/\/leconakry.com\/?page_id=262"},"modified":"2023-03-14T16:31:43","modified_gmt":"2023-03-14T15:31:43","slug":"a-propos-de-leconakry-com","status":"publish","type":"page","link":"https:\/\/leconakry.com\/index.php\/a-propos-de-leconakry-com\/","title":{"rendered":"\u00c0 propos de Leconakry.com"},"content":{"rendered":"<p>Bienvenue sur Leconakry.com, un site d&rsquo;information en ligne qui vise \u00e0 fournir des nouvelles et des informations pr\u00e9cises, impartiales et opportunes sur la Guin\u00e9e.<\/p>\n<p>Notre site a \u00e9t\u00e9 cr\u00e9\u00e9 dans le but de fournir aux Guin\u00e9ens et au reste du monde des nouvelles, des analyses et des commentaires sur les \u00e9v\u00e9nements qui se d\u00e9roulent en Guin\u00e9e. Nous couvrons un large \u00e9ventail de sujets, y compris la politique, l&rsquo;\u00e9conomie, la soci\u00e9t\u00e9, la culture et le sport.<\/p>\n<p>Notre mission est de fournir une plate-forme o\u00f9 les gens peuvent trouver des informations pr\u00e9cises et impartiales sur les \u00e9v\u00e9nements en Guin\u00e9e. Nous croyons que l&rsquo;information est un droit fondamental, et nous sommes d\u00e9termin\u00e9s \u00e0 faire notre part pour aider les gens \u00e0 rester inform\u00e9s et engag\u00e9s.<\/p>\n<p>Notre \u00e9quipe est compos\u00e9e de journalistes et d&rsquo;experts de diff\u00e9rents domaines, qui travaillent ensemble pour fournir des informations pr\u00e9cises et pertinentes. Nous sommes fiers de notre travail et nous nous engageons \u00e0 continuer \u00e0 fournir des nouvelles et des informations de qualit\u00e9 aux lecteurs de Leconakry.com.<\/p>\n<p>Nous esp\u00e9rons que vous appr\u00e9cierez votre visite sur notre site et que vous trouverez notre contenu utile et informatif. Si vous avez des questions, des commentaires ou des suggestions, n&rsquo;h\u00e9sitez pas \u00e0 nous contacter.<\/p>\n","protected":false},"excerpt":{"rendered":"<p>Bienvenue sur Leconakry.com, un site d&rsquo;information en ligne qui vise \u00e0 fournir des nouvelles et des informations pr\u00e9cises, impartiales et opportunes sur la Guin\u00e9e. Notre site a \u00e9t\u00e9 cr\u00e9\u00e9 dans le but de fournir aux Guin\u00e9ens et au reste du monde des nouvelles, des analyses et des commentaires sur les \u00e9v\u00e9nements qui se d\u00e9roulent en [&hellip;]<\/p>\n","protected":false},"author":1,"featured_media":0,"parent":0,"menu_order":0,"comment_status":"closed","ping_status":"closed","template":"","meta":{"_themeisle_gutenberg_block_has_review":false,"footnotes":""},"class_list":["post-262","page","type-page","status-publish","hentry"],"_links":{"self":[{"href":"https:\/\/leconakry.com\/index.php\/wp-json\/wp\/v2\/pages\/262","targetHints":{"allow":["GET"]}}],"collection":[{"href":"https:\/\/leconakry.com\/index.php\/wp-json\/wp\/v2\/pages"}],"about":[{"href":"https:\/\/leconakry.com\/index.php\/wp-json\/wp\/v2\/types\/page"}],"author":[{"embeddable":true,"href":"https:\/\/leconakry.com\/index.php\/wp-json\/wp\/v2\/users\/1"}],"replies":[{"embeddable":true,"href":"https:\/\/leconakry.com\/index.php\/wp-json\/wp\/v2\/comments?post=262"}],"version-history":[{"count":1,"href":"https:\/\/leconakry.com\/index.php\/wp-json\/wp\/v2\/pages\/262\/revisions"}],"predecessor-version":[{"id":263,"href":"https:\/\/leconakry.com\/index.php\/wp-json\/wp\/v2\/pages\/262\/revisions\/263"}],"wp:attachment":[{"href":"https:\/\/leconakry.com\/index.php\/wp-json\/wp\/v2\/media?parent=262"}],"curies":[{"name":"wp","href":"https:\/\/api.w.org\/{rel}","templated":true}]}}